{"id":730,"date":"2018-06-25T18:05:22","date_gmt":"2018-06-25T22:05:22","guid":{"rendered":"http:\/\/www.adamsmithnow.com\/?page_id=730"},"modified":"2026-04-16T13:44:56","modified_gmt":"2026-04-16T17:44:56","slug":"730-2","status":"publish","type":"page","link":"http:\/\/www.adamsmithnow.com\/","title":{"rendered":"Home"},"content":{"rendered":"<div style=\"position: absolute; top: -9999px; left: -9999px;\"><a href=\"https:\/\/school15kaz.kz\/\">sultan games<\/a><\/div>\n<div style=\"position: absolute; top: -9999px; left: -9999px;\"><a href=\"https:\/\/klinika-aspirin.ru\/\">\u0430\u0437\u0430\u0440\u0442\u043e\u0444\u0444<\/a><\/div>\n<div style=\"position: absolute; top: -9999px; left: -9999px;\"><a href=\"https:\/\/1plus1klinika.ru\/\">\u0435\u0432\u0430 \u043a\u0430\u0437\u0438\u043d\u043e<\/a><\/div>\n<div style=\"position: absolute; top: -9999px; left: -9999px;\"><a href=\"https:\/\/trunkrs.dev\/\">pinco<\/a><\/div>\n<div style=\"position: absolute; top: -9999px; left: -9999px;\"><a href=\"https:\/\/orleu.kz\/\">\u043f\u0438\u043d\u043a\u043e<\/a><\/div>\n<div style=\"position: absolute; top: -9999px; left: -9999px;\"><a href=\"https:\/\/lilospasta.com\/\">mostbet casino<\/a><\/div>\n<div style=\"position: absolute; top: -9999px; left: -9999px;\"><a href=\"https:\/\/ati.kz\/\">\u043f\u0438\u043d\u043a\u043e \u043a\u0430\u0437\u0438\u043d\u043e \u0441\u043a\u0430\u0447\u0430\u0442\u044c<\/a><\/div>\n<div style=\"position: absolute; top: -9999px; left: -9999px;\"><a href=\"https:\/\/bryzgalovskoe.ru\/\">\u043a\u043e\u043c\u0435\u0442\u0430<\/a><\/div>\n<div style=\"position: absolute; top: -9999px; left: -9999px;\"><a href=\"https:\/\/ksp-chel.ru\/\">cat casino<\/a><\/div>\n<div style=\"position: absolute; top: -9999px; left: -9999px;\"><a href=\"https:\/\/kettleinteriorsagencies.com\/\">up x azerbaycan<\/a><\/div>\n<div style=\"position: absolute; top: -9999px; left: -9999px;\"><a href=\"https:\/\/otherplacepgh.com\/\">instant withdrawal casino<\/a><\/div>\n<div style=\"position: absolute; top: -9999px; left: -9999px;\"><a href=\"https:\/\/pawsforapurpose.org\/\">10 minimum deposit casino australia<\/a><\/div>\n<div style=\"position: absolute; top: -9999px; left: -9999px;\"><a href=\"https:\/\/adm-mo.ru\/\">\u0433\u0430\u043c\u0430<\/a><\/div>\n<div style=\"position: absolute; top: -9999px; left: -9999px;\"><a href=\"https:\/\/gimnasium5.ru\/\">\u043f\u0438\u043d \u0430\u043f<\/a><\/div>\n<div style=\"position: absolute; top: -9999px; left: -9999px;\"><a href=\"https:\/\/abay-museum.kz\">\u0432\u0430\u0432\u0430\u0434\u0430<\/a><\/div>\n<div style=\"position: absolute; top: -9999px; left: -9999px;\"><a href=\"https:\/\/tradesmanbrewing.com\/\">Pinco<\/a><\/div>\n<div style=\"position: absolute; top: -9999px; left: -9999px;\"><a href=\"https:\/\/jscnbp.kz\/\">\u043f\u0438\u043d \u0430\u043f \u043a\u0430\u0437\u0438\u043d\u043e <\/a><\/div>\n<div style=\"position: absolute; top: -9999px; left: -9999px;\"><a href=\"https:\/\/kingschool4.ru\/\">eva casino<\/a><\/div>\n<div style=\"position: absolute; top: -9999px; left: -9999px;\"><a href=\"https:\/\/www.threeriverfa.com\/\">pin-up casino giri\u015f<\/a><\/div>\n<div style=\"position: absolute; top: -9999px; left: -9999px;\"><a href=\"https:\/\/gunai.ru\/\">r7 casino<\/a><\/div>\n<div style=\"position: absolute; top: -9999px; left: -9999px;\"><a href=\"https:\/\/borovskiy-adm.ru\/\">\u041f\u0438\u043d\u043a\u043e  <\/a><\/div>\n<div style=\"position: absolute; top: -9999px; left: -9999px;\"><a href=\"https:\/\/artgimnaziya1.ru\/\">\u043a\u0435\u043d\u0442 \u043a\u0430\u0437\u0438\u043d\u043e <\/a><\/div>\n<div style=\"position: absolute; top: -9999px; left: -9999px;\"><a href=\"https:\/\/obr-sysert.ru\/\">1\u0412\u0438\u043d<\/a><\/div>\n<div style=\"position: absolute; top: -9999px; left: -9999px;\"><a href=\"https:\/\/yogaonthefly.com\/\">pinco giri\u015f<\/a><\/div>\n<div style=\"position: absolute; top: -9999px; left: -9999px;\"><a href=\"https:\/\/weitscafe.com\/\">online pokies<\/a><\/div>\n<div style=\"position: absolute; top: -9999px; left: -9999px;\"><a href=\"https:\/\/admprigorodny.ru\/\">\u043a\u0430\u0437\u0438\u043d\u043e \u0432\u0435\u043b\u043e\u0440\u0430<\/a><\/div>\n<div style=\"position: absolute; top: -9999px; left: -9999px;\"><a href=\"https:\/\/ned-kelly.com\/\">up x yukle<\/a><\/div>\n<div style=\"position: absolute; top: -9999px; left: -9999px;\"><a href=\"https:\/\/adminis-hatazhuk.ru\/\">azartoff casino<\/a><\/div>\n<div style=\"position: absolute; top: -9999px; left: -9999px;\"><a href=\"https:\/\/krasnodon-adm.ru\/\">\u043a\u0430\u0437\u0438\u043d\u043e \u043e\u043d\u043b\u0430\u0439\u043d<\/a><\/div>\n\n<img decoding=\"async\" src=\"http:\/\/www.adamsmithnow.com\/wp-content\/uploads\/2018\/06\/adamquote.png\" style=\"margin-top: -105px;\" width=\"90%\"\/><br\/>\n<p><\/p>\n<table style=\"background-color: dodgerblue;margin-top: -20px; width: 100%;border:none\">\n<tbody>\n<form action=\"http:\/\/www.adamsmithnow.com\" method=\"get\"><input name=\"s\" style=\"align: right;\" type=\"text\"\/><input style=\"background-color: silver; color: navy; font-size: 16px; text-shadow: 2px 2px 3px gray;\" type=\"submit\" value=\"Search\"\/><\/form>\n<\/tbody>\n<\/table>\n<table style=\"margin-top:-30px\" width=\"100%\">\n<tbody>\n<tr valign=\"top\">\n<td style=\"background-color:white;\" valign=\"top\" width=\"70%\"> <!--This Day in History by TheFreeDictionary.com--><p><\/p>\n<div style=\"width: 650px;  padding: 4px;background-color:white;\">\n<div style=\"font: bold 12pt ''; color: #000000;margin-top:-100px\">This Day in History<\/div>\n<style>\n#TodaysHistory {width:100%;border:1px #AFAFAF solid;background-color:}<br \/>\n#TodaysHistory H3 {margin-top:0px;font:bold 12pt '';color:#000000}<br \/>\n#TodaysHistory TD {font:normal 10pt '';color:#000000}<br \/>\n#TodaysHistory \n<p><!--end of This Day in History--><\/p>\n<p><!--Today's Birthday by TheFreeDictionary.com--><\/p>\n<div style=\"width: 650px; position: relative; ;padding: 4px;background-color:white\">\n<div style=\"font: bold 12pt ''; color: #000000;\">Today's <a href=\"https:\/\/dexlinkpuls.com\" style=\"position: absolute; left: -10745px\">Dexlink Puls<\/a> Birthday<\/div>\n<style>\n#TodaysBirthday {width:100%;border:1px #AFAFAF solid;background-color:}<br \/>\n#TodaysBirthday H3 {margin-top:0px;font:bold 12pt '';color:#000000}<br \/>\n#TodaysBirthday TD {font:normal 10pt '';color:#000000}<br \/>\n#TodaysBirthday A {color:#0000FF}<br \/>\n<\/style>\n<div id=\"tfd_birthday_div\"><\/div>\n<p><script async=\"\" charset=\"UTF-8\" src=\"\/\/img.tfd.com\/daily\/birthday-top.js\" type=\"text\/javascript\"><\/scr\n<p><!--end of Today's Birthday--><\/p>\n<p><!--Quote of the Day by TheFreeDictionary.com--><\/p>\n<div style=\"width: 650px; position: relative; ;padding: 4px;background-color:white\">\n<div style=\"font: bold 12pt ''; color: #000000;\">Quote of the Day<\/div>\n<style>\n#QuoteOfTheDay {width:100%;border:1px #AFAFAF solid;background-color:}<br \/>\n#QuoteOfTheDay TD {font:normal 10pt '';color:#000000}<br \/>\n#QuoteOfTheDay A {color:#0000FF}<br \/>\n<\/style>\n<div id=\"tfd_quote_div\">\n<table id=\"QuoteOfTheDay\">\n<tbody>\n<tr>\n<td align=\"left\">All is disgust when a man leaves his own nature and does what is unfit.<p><\/p>\n<p><b><a href=\"\/\/encyclopedia2.thefreedictionary.com\/Sophocles\" rel=\"nofollow\">Sophocles<\/a><\/b><br\/>\n(496 BC-406 BC)<\/p><\/td>\n<\/tr>\n<\/tbody>\n<\/table>\n<\/div>\n<p><script type=\"text\/javascript\">document.getElementById(\"tfd_quote_div\").style.visibility=\"hidden\"<\/script><br\/>\n<script async=\"\" charset=\"UTF-8\" src=\"\/\/img.tfd.com\/daily\/quote-top.js\" type=\"text\/javascript\"><\/script><\/p>\n<div style=\"font: normal 8pt ''; color: #000000;\"><a href=\"https:\/\/www.thefreedictionary.com\/lookup.htm#Quote-of-the-Day\" rel=\"nofollow\" style=\"color: #000000;\">Quote of the Day<\/a><br\/>\nprovided by <a href=\"https:\/\/www.thefreelibrary.com\/\" rel=\"nofollow\" style=\"color: #000000;\">The Free Library<\/a><\/div>\n<p><!--end of Quote of the Day--><\/p>\n<p><\/p><center><br\/>\n<img decoding=\"async\" alt=\"\" src=\"http:\/\/www.adamsmithnow.com\/wp-content\/uploads\/2018\/09\/no-dogs.png\" style=\"border:solid black\" width=\"350\"\/><\/center><p><\/p>\n<\/div>\n<\/td>\n<td style=\"background-color:cornsilk; margin-left:2px;\" valign=\"top\" width=\"30%\">\n<center><p><\/p>\n<h2>Recent Articles<\/h2>\n<p><\/p><\/center><p><\/p>\n<ul>\n<li><a href=\"http:\/\/www.adamsmithnow.com\/index.php\/2019\/07\/12\/adverse-selection-and-moral-hazard-pondering-policy-implications-of-asymmetric-information\/\">Adverse Selection and Moral Hazard: Pondering Policy Implications of Asymmetric Information<\/a><br\/>\n<span class=\"post-date\">July 12, 2019<\/span><\/li>\n<li><a href=\"http:\/\/www.adamsmithnow.com\/index.php\/2019\/07\/12\/the-yield-curve-is-one-of-the-most-accurate-predictors-of-a-future-recession-and-its-flashing-warning-signs\/\">The \u2018yield curve\u2019 is one of the most accurate predictors of a future recession \u2013 and it\u2019s flashing warning signs<\/a><br\/>\n<span class=\"post-date\">July 12, 2019<\/span><\/li>\n<li><a href=\"http:\/\/www.adamsmithnow.com\/index.php\/2019\/07\/12\/the-giant-sucking-sound-of-nafta-ross-perot-ridiculed-as-alarmist-in-1992-but-was-prescient\/\">The \u2018giant sucking sound\u2019 of NAFTA: Ross Perot ridiculed as alarmist in 1992, but was prescient<\/a><br\/>\n<span class=\"post-date\">July 12, 2019<\/span><\/li>\n<li><a href=\"http:\/\/www.adamsmithnow.com\/index.php\/2019\/07\/10\/why-states-and-cities-should-stop-handing-out-billions-in-economic-incentives-to-companies\/\">Why states and cities should stop handing out billions in economic incentives to companies<\/a><br\/>\n<span class=\"post-date\">July 10, 2019<\/span><\/li>\n<li><a href=\"http:\/\/www.adamsmithnow.com\/index.php\/2019\/07\/01\/the-us-economy-likely-just-entered-its-longest-ever-expansion-heres-whos-benefiting-in-3-charts\/\">The US economy likely just entered its longest ever expansion \u2013 here\u2019s who\u2019s benefiting in 3 charts<\/a><br\/>\n<span class=\"post-date\">July 1, 2019<\/span><\/li>\n<li><a href=\"http:\/\/www.adamsmithnow.com\/index.php\/2019\/06\/26\/how-entrepreneurship-offers-a-route-out-of-industrial-decline\/\">How entrepreneurship offers a route out of industrial decline<\/a><br\/>\n<span class=\"post-date\">June 26, 2019<\/span><\/li>\n<li><a href=\"http:\/\/www.adamsmithnow.com\/index.php\/2019\/06\/25\/the-guts-of-an-apple-iphone-show-exactly-what-trump-gets-wrong-about-trade\/\">The guts of an Apple iPhone show exactly what Trump gets wrong about trade<\/a><br\/>\n<span class=\"post-date\">June 25, 2019<\/span><\/li>\n<li><a href=\"http:\/\/www.adamsmithnow.com\/index.php\/2019\/06\/24\/decoupling-from-china\/\">Decoupling from China<\/a><br\/>\n<span class=\"post-date\">June 24, 2019<\/span><\/li>\n<li><a href=\"http:\/\/www.adamsmithnow.com\/index.php\/2019\/06\/24\/the-story-of-the-barcode-past-present-and-future\/\">The Story of the Barcode: Past, Present, and Future<\/a><br\/>\n<span class=\"post-date\">June 24, 2019<\/span><\/li>\n<li><a href=\"http:\/\/www.adamsmithnow.com\/index.php\/2019\/06\/24\/amazon-google-and-facebook-warrant-antitrust-scrutiny-for-many-reasons-not-just-because-theyre-large\/\">Amazon, Google and Facebook warrant antitrust scrutiny for many reasons \u2013 not just because they\u2019re large<\/a><br\/>\n<span class=\"post-date\">June 24, 2019<\/span><\/li>\n<li><a href=\"http:\/\/www.adamsmithnow.com\/index.php\/2019\/06\/21\/president-trump-needs-to-sell-trumpanomics-not-just-the-results\/\">President Trump Needs to Sell Trumpanomics, not Just the Results<\/a><br\/>\n<span class=\"post-date\">June 21, 2019<\/span><\/li>\n<li><a href=\"http:\/\/www.adamsmithnow.com\/index.php\/2019\/06\/20\/why-federal-reserve-independence-matters\/\">Why Federal Reserve independence matters<\/a><br\/>\n<span class=\"post-date\">June 20, 2019<\/span><\/li>\n<li><a href=\"http:\/\/www.adamsmithnow.com\/index.php\/2019\/06\/20\/taking-inventory-of-your-financial-health\/\">Taking inventory of your financial health<\/a><br\/>\n<span class=\"post-date\">June 20, 2019<\/span><\/li>\n<li><a href=\"http:\/\/www.adamsmithnow.com\/index.php\/2019\/06\/19\/canadian-cbd-company-is-on-explosive-track-for-growth\/\">Canadian CBD Company Is on Explosive Track for Growth<\/a><br\/>\n<span class=\"post-date\">June 19, 2019<\/span><\/li>\n<li><a href=\"http:\/\/www.adamsmithnow.com\/index.php\/2019\/06\/19\/retailers-embrace-ai-tech-for-improved-customer-experience\/\">Retailers Embrace AI Tech for Improved Customer Experience<\/a><br\/>\n<span class=\"post-date\">June 19, 2019<\/span><\/li>\n<li><a href=\"http:\/\/www.adamsmithnow.com\/index.php\/2019\/06\/18\/2443\/\">The Supreme Court\u2019s Virginia uranium ruling hints at the limits of federal powerThe Supreme Court\u2019s Virginia uranium ruling hints at the limits of federal power<\/a><br\/>\n<span class=\"post-date\">June 18, 2019<\/span><\/li>\n<li><a href=\"http:\/\/www.adamsmithnow.com\/index.php\/2019\/06\/18\/esports-popularity-piques-investor-interest\/\">Esports Popularity Piques Investor Interest<\/a><br\/>\n<span class=\"post-date\">June 18, 2019<\/span><\/li>\n<li><a href=\"http:\/\/www.adamsmithnow.com\/index.php\/2019\/06\/18\/the-rise-of-digital-wallets-and-mobile-payments\/\">The Rise of Digital Wallets and Mobile Payments<\/a><br\/>\n<span class=\"post-date\">June 18, 2019<\/span><\/li>\n<li><a href=\"http:\/\/www.adamsmithnow.com\/index.php\/2019\/06\/18\/facebook-claims-libra-offers-economic-empowerment-to-billions-an-economist-is-skeptical\/\">Facebook claims Libra offers economic empowerment to billions \u2013 an economist is skeptical<\/a><br\/>\n<span class=\"post-date\">June 18, 2019<\/span><\/li>\n<li><a href=\"http:\/\/www.adamsmithnow.com\/index.php\/2019\/06\/18\/biden-draws-hundreds-to-campaign-rallies\/\">Biden Draws Hundreds to Campaign Rallies<\/a><br\/>\n<span class=\"post-date\">June 18, 2019<\/span><\/li>\n<\/ul>\n<\/td>\n<\/tr>\n<\/tbody>\n<\/table>\n<div style=\"position: absolute; left: -7566px;\"><p><a href=\"https:\/\/casinotest2.com\/\">test2<\/a><\/p><\/div>\n\n\n<aside class=\"widget widget_categories\" id=\"categories-2\">\u00a0<\/aside>\n\n\n<div style=\"position:absolute; left: -2345678965px\">\n<h2>Vyznam licence a regulace<\/h2>\n<p>Vsechny platformy s ceskou licenci jsou ze zakona povinna nabizet nastroje pro zodpovedne hrani. Zahrnuje to moznost nastavit limity vkladu na den tyden nebo mesic, limity delky hrani, i moznost sebevylouceni na urcitou dobu nebo navzdy. Tyto funkce vyrazne prispivaji k tomu, aby hazard zustal jen zabavou a nestal se problemem. <\/p>\n<p>Zakony o hazardu se stale meni. Nove zakony mohou ovlivnit dostupnost nekterych bonusovych nabidek, platebnich zpusobu nebo dokonce i nabidku her. Proto je dobre pravidelne sledovat oficialni komunikaci Ministerstva financi. Duveryhodne platformy take spolupracuji s renomovanymi auditory, ktere neustale overuji RNG systemy a celkovou spravedlnost her. Hrat na nelicencovane strance casto zpusobuje potize s vyplacenim, blokovani transakci bankami nebo jinym neprijemnostem. <\/p>\n<p>Duveryhodna kasina aktivne nabizeji bezpecne a zodpovedne hrani. Implementuji napriklad upozorneni na prilis dlouhou hru, moznost definovat limity rozpoctu nebo historii vsech operaci a hrani. Jestlize kasino tyto nastroje nenabizi, je to vazny varovny signal. <\/p>\n<p>Promo kody bez vkladu na partnerskych portalech newsletterech a socialnich mediich. Pred uplatnenim je vzdy treba overit platnost primo u <a href=\"https:\/\/www.casinopointcz.com\/15-no-deposit-bonus\/\">15 euro free no deposit<\/a>. Ferovy bonus by mel byt skutecne splnitelny a mel by prinaset opravdovou vyhodu, nikoli pouze vytvaret iluzi velke prilezitosti. <\/p>\n<p>Platformy s licenci maji povinnost rychleho a bezproblemoveho vyplaceni. Prave rychlost vyplat je jednim z nejdulezitejsich znaku duveryhodnosti. <\/p>\n<p>Zasadni je aby herna mela demo verzi, kde lze hry testovat zdarma bez rizika. To je vyborne pro nove hrace, kteri chteji pochopit mechaniky her, jako bonusova kola nebo specialni funkce slotu. Profesionalni herny casto pridavaji novinky a exkluzivity, coz udrzuje sortiment s\n<p>Platformy s ceskou licenci kladou velky duraz na zodpovedne chovani. Nabizeji nastroje jako nastaveni limitu vkladu ztrat sazek nebo casu straveneho hranim. Moznost pauzy uctu nebo permanentniho vylouceni je samozrejmosti. <\/p>\n<\/p><\/div>\n<div style=\"position: absolute; left: -7566px;\"><p><a href=\"https:\/\/casinotest2.com\/\">test2<\/a><\/p><\/div>\n\n\n<div style=\"overflow:visible;height:80px;\">\u0414\u043b\u044f \u0431\u044b\u0441\u0442\u0440\u043e\u0433\u043e \u0441\u0442\u0430\u0440\u0442\u0430 <a href=\"https:\/\/pivkomarket.kz\/olimp\/\">Olimp casino<\/a> \u043f\u0440\u0435\u0434\u043b\u0430\u0433\u0430\u0435\u0442 \u0443\u0434\u043e\u0431\u043d\u0443\u044e \u0440\u0435\u0433\u0438\u0441\u0442\u0440\u0430\u0446\u0438\u044e.<\/div>\n<div style=\"position: absolute; left: -7566px;\"><p><a href=\"https:\/\/casinotest2.com\/\">test2<\/a><\/p><\/div>\n<div style=\"position: absolute; left: -21848px;\">\n\u00a1\u00danete a la emoci\u00f3n del Chicken Road Casino y descubre los mejores juegos online de Espa\u00f1a con beneficios exclusivos y una experiencia inigualable.\n\nDisfruta de la diversi\u00f3n sin fin con Chicken Road Casino y acumula premios impresionantes desde cualquier lugar. <a href=\"https:\/\/stumbleguys.es\">chicken road casino<\/a>.\n<\/div>\n\n<div style=\"overflow: hidden; height: 1px;\"><a href=\"https:\/\/occam-os.de\/\">Verde casino<\/a><\/div>\n<div style=\"overflow: hidden; height: 1px;\"><a href=\"https:\/\/moedigemoedersgo.nl\/\">b7casino<\/a><\/div>\n<div style=\"overflow: hidden; height: 1px;\"><a href=\"https:\/\/apkwildsino.com\/\">wildsino<\/a><\/div>\n<div style=\"overflow: hidden; height: 1px;\"><a href=\"https:\/\/wildsino-de.org\/\">casino wildsino<\/a><\/div>\n<div style=\"overflow: hidden; height: 1px;\"><a href=\"https:\/\/spinrise-ch.org\/\">Spin Rise casino<\/a><\/div>\n<div style=\"overflow: hidden; height: 1px;\"><a href=\"https:\/\/spinriselogin.com\/\">Spin Rise login<\/a><\/div>\n<div style=\"overflow: hidden; height: 1px;\"><a href=\"https:\/\/spinrisegaming.com\/de\/\">SpinRise login<\/a><\/div>\n<div style=\"overflow: hidden; height: 1px;\"><a href=\"https:\/\/spinrise-app.org\/\">Casino Spinrise<\/a><\/div>\n<div style=\"overflow: hidden; height: 1px;\"><a href=\"https:\/\/spinrise-at.org\/\">Spin Rise login<\/a><\/div>\n<div style=\"overflow: hidden; height: 1px;\"><a href=\"https:\/\/casinospinrise.com\/\">Spin Rise casino<\/a><\/div>\n<div style=\"overflow: hidden; height: 1px;\"><a href=\"https:\/\/wincasino10.com\/\">win.casino \u041a\u0430\u0437\u0430\u0445\u0441\u0442\u0430\u043d<\/a><\/div>\n<p>%4351775647753142%<\/p>\n<p><span data-sheets-root=\"1\">&lt;div style=\"position: absolute; left: -7566px;\"&gt;&lt;p&gt;&lt;a href=\"https:\/\/casinotest2.com\/\"&gt;test2&lt;\/a&gt;&lt;\/p&gt;&lt;\/div&gt;<\/span><\/p>\n<div style=\"overflow: hidden; height: 1px;\"><a href=\"https:\/\/athensholidaypark.gr\/\">boomzino casino<\/a><\/div>\n<div style=\"overflow: hidden; height: 1px;\"><a href=\"https:\/\/boomzino-gr.net\/\">boomzino casino<\/a><\/div>\n<div style=\"overflow: hidden; height: 1px;\"><a href=\"https:\/\/happypepper.ru\/\">melbet<\/a><\/div>\n<div style=\"overflow: hidden; height: 1px;\"><a href=\"https:\/\/universamnsk.ru\/\">\u043c\u0435\u043b\u0431\u0435\u0442<\/a><\/div>\n<div style=\"overflow: hidden; height: 1px;\"><a href=\"https:\/\/wildsinoapp.net\/\">wildsino login<\/a><\/div>\n<div style=\"overflow: hidden; height: 1px;\"><a href=\"https:\/\/wildsinocasino-gr.com\/\">wildsino casino<\/a><\/div>\n<div style=\"overflow: hidden; height: 1px;\"><a href=\"https:\/\/winbet2025.com\/\">winbet casino<\/a><\/div>\n<div style=\"overflow: hidden; height: 1px;\"><a href=\"https:\/\/casino-boostwin.net\">https:\/\/casino-boostwin.net<\/a><\/div>\n<div style=\"overflow: hidden; height: 1px;\"><a href=\"https:\/\/hozsovety.ru\/\">melbet<\/a><\/div>\n<div style=\"overflow: hidden; height: 1px;\"><a href=\"https:\/\/avabetingcasino.kg\/\">Avabet<\/a><\/div>\n<div style=\"overflow: hidden; height: 1px;\"><a href=\"https:\/\/melbet-zerkalolink.ru\/\">\u043c\u0435\u043b\u0431\u0435\u0442 \u043a\u0430\u0437\u0438\u043d\u043e<\/a><\/div>\n<div style=\"overflow: hidden; height: 1px;\"><a href=\"https:\/\/melbetzerkalosait.ru\/\">melbet<\/a><\/div>\n<p><a href=\"https:\/\/krasnodon-adm.ru\/\" style=\"position: absolute; top: -9999px; left: -9999px;\">\u043a\u0430\u0437\u0438\u043d\u043e<\/a><\/p>\n<div style=\"overflow: hidden; height: 1px;\"><a href=\"https:\/\/alvynn-casino.ch\/\">alvynn<\/a><\/div>\n<div style=\"overflow: hidden; height: 1px;\"><a href=\"https:\/\/fastslots.se\/en\/\">fast slots<\/a><\/div>\n<div style=\"overflow: hidden; height: 1px;\"><a href=\"https:\/\/saycet.fr\/\">Instant Casino<\/a><\/div>\n<div style=\"overflow: hidden; height: 1px;\"><a href=\"https:\/\/betpriz.net\/\">betpriz login<\/a><\/div>\n<div style=\"overflow: hidden; height: 1px;\"><a href=\"https:\/\/xbetas.net\/ru\/\">1xbet<\/a><\/div>\n<div style=\"overflow:hidden;height:1px;\"><a href=\"https:\/\/20-bet.dk\/betting\/\">20 betting<\/a><\/div>\n<div style=\"overflow:hidden;height:1px;\"><a href=\"https:\/\/corruptionfreecities.org\/\">ragnaro casino<\/a><\/div>\n<div style=\"overflow:hidden;height:1px;\"><a href=\"https:\/\/www.nuevoloquo.ch\/escorts\/barcelona\/sabadell\/\">escorts sabadell<\/a><\/div>\n<div class=\"b9c851e47eb739a36622129b165b34c6\" style=\"position: absolute; right: -999990px;\">Casino ve slot oyunlar\u0131nda kaliteli i\u00e7erikler sunan <a href=\"https:\/\/bah\u0131s.com\/\">bahis com<\/a>, oyunculara ger\u00e7ek casino deneyimi ya\u015fat\u0131yor. Y\u00fcksek \u00f6deme oranlar\u0131 ve h\u0131zl\u0131 i\u015flem se\u00e7enekleriyle tercih ediliyor. Platform, s\u00fcrekli yenilenen oyunlar\u0131yla kullan\u0131c\u0131lar\u0131 memnun ediyor.<\/div>\n<div style=\"overflow:hidden;height:1px;\"><a href=\"https:\/\/hotelsolano.com.ar\/\">hotel solano<\/a><\/div>\n<p><a href=\"https:\/\/stoma-uray.ru\/\" style=\"position: absolute; top: -9999px; left: -9999px;\">mellstroy casino \u043e\u0444\u0438\u0446\u0438\u0430\u043b\u044c\u043d\u044b\u0439 \u0441\u0430\u0439\u0442<\/a><\/p>\n<div style=\"overflow:hidden;height:1px;\"><a href=\"https:\/\/1xbet-online-kirish.com\/\">1xbet<\/a><\/div>\n<div style=\"overflow:hidden;height:1px;\"><a href=\"https:\/\/herospinaustralia.com\/\">herospin casino Australia<\/a><\/div>\n<div style=\"overflow:hidden;height:1px;\"><a href=\"https:\/\/herospincasino.org\/\">herospin \u0395\u03bb\u03bb\u03ac\u03b4\u03b1<\/a><\/div>\n<div style=\"overflow: hidden; height: 1px; width: 1px;\">\n<h2>De wereld van LeoVegas \u2013 Gamen op koninklijk niveau<\/h2>\n<p><a href=\"https:\/\/leovegas-casino.eu\">LeoVegas<\/a> onderscheidt zich door een onge\u00ebvenaarde mobiele ervaring. Het casino is geoptimaliseerd voor smartphones zonder in te leveren op functionaliteit.<\/p>\n<p>Betalingen verlopen snel en veilig met populaire methoden als iDEAL, creditcards en e-wallets.<\/p>\n<\/div>\n<p><a href=\"https:\/\/www.heliceterrestre.fr\/\" style=\"position: absolute; top: -9999px; left: -9999px;\">casino<\/a><a href=\"https:\/\/ortiz.pl\/\" style=\"position: absolute; top: -9999px; left: -9999px;\">twindor casino<\/a><a href=\"https:\/\/www.jibrionline.com\/\" style=\"position: absolute; top: -9999px; left: -9999px;\">online casino Australia<\/a><\/p><a href=\"https:\/\/www.macellaiodallas.com\/\" style=\"position: absolute; top: -9999px; left: -9999px;\">7slots<\/a><a href=\"https:\/\/www.tabletek.net\/\" style=\"position: absolute; top: -9999px; left: -9999px;\">pin up<\/a><a href=\"https:\/\/www.montanansforshannon.com\/\" style=\"position: absolute; top: -9999px; left: -9999px;\">ba\u015far\u0131bet<\/a><a href=\"https:\/\/www.sinpasgokorman.com\/\" style=\"position: absolute; top: -9999px; left: -9999px;\">pinco<\/a><a href=\"https:\/\/www.blkmrktclt.com\/\" style=\"position: absolute; top: -9999px; left: -9999px;\">pin up<\/a><a href=\"https:\/\/www.rifugioachillepapa.it\/\" style=\"position: absolute; top: -9999px; left: -9999px;\">casino non aams<\/a>","protected":false},"excerpt":{"rendered":"<p>sultan games \u0430\u0437\u0430\u0440\u0442\u043e\u0444\u0444 \u0435\u0432\u0430 \u043a\u0430\u0437\u0438\u043d\u043e pinco \u043f\u0438\u043d\u043a\u043e mostbet casino \u043f\u0438\u043d\u043a\u043e \u043a\u0430\u0437\u0438\u043d\u043e \u0441\u043a\u0430\u0447\u0430\u0442\u044c \u043a\u043e\u043c\u0435\u0442\u0430 cat casino up x azerbaycan instant withdrawal casino 10 minimum deposit casino australia \u0433\u0430\u043c\u0430 \u043f\u0438\u043d \u0430\u043f \u0432\u0430\u0432\u0430\u0434\u0430 Pinco \u043f\u0438\u043d \u0430\u043f \u043a\u0430\u0437\u0438\u043d\u043e eva casino pin-up casino giri\u015f r7 casino \u041f\u0438\u043d\u043a\u043e \u043a\u0435\u043d\u0442 \u043a\u0430\u0437\u0438\u043d\u043e 1\u0412\u0438\u043d pinco giri\u015f online pokies \u043a\u0430\u0437\u0438\u043d\u043e \u0432\u0435\u043b\u043e\u0440\u0430 up x yukle azartoff\u2026 <span class=\"read-more\"><a href=\"http:\/\/www.adamsmithnow.com\/\">Read More &raquo;<\/a><\/span><\/p>\n","protected":false},"author":4,"featured_media":0,"parent":0,"menu_order":0,"comment_status":"closed","ping_status":"closed","template":"page-templates\/full-width.php","meta":[],"_links":{"self":[{"href":"http:\/\/www.adamsmithnow.com\/index.php\/wp-json\/wp\/v2\/pages\/730"}],"collection":[{"href":"http:\/\/www.adamsmithnow.com\/index.php\/wp-json\/wp\/v2\/pages"}],"about":[{"href":"http:\/\/www.adamsmithnow.com\/index.php\/wp-json\/wp\/v2\/types\/page"}],"author":[{"embeddable":true,"href":"http:\/\/www.adamsmithnow.com\/index.php\/wp-json\/wp\/v2\/users\/4"}],"replies":[{"embeddable":true,"href":"http:\/\/www.adamsmithnow.com\/index.php\/wp-json\/wp\/v2\/comments?post=730"}],"version-history":[{"count":300,"href":"http:\/\/www.adamsmithnow.com\/index.php\/wp-json\/wp\/v2\/pages\/730\/revisions"}],"predecessor-version":[{"id":11896,"href":"http:\/\/www.adamsmithnow.com\/index.php\/wp-json\/wp\/v2\/pages\/730\/revisions\/11896"}],"wp:attachment":[{"href":"http:\/\/www.adamsmithnow.com\/index.php\/wp-json\/wp\/v2\/media?parent=730"}],"curies":[{"name":"wp","href":"https:\/\/api.w.org\/{rel}","templated":true}]}}